{"id":2070,"date":"2023-05-04T14:51:51","date_gmt":"2023-05-04T12:51:51","guid":{"rendered":"https:\/\/www.nid.swiss\/?page_id=2070"},"modified":"2023-11-07T15:46:24","modified_gmt":"2023-11-07T14:46:24","slug":"originid","status":"publish","type":"page","link":"https:\/\/www.nid.swiss\/en\/originid\/","title":{"rendered":"OrigiNiD"},"content":{"rendered":"<div data-elementor-type=\"wp-page\" data-elementor-id=\"2070\" class=\"elementor elementor-2070\" data-elementor-post-type=\"page\">\n\t\t\t\t<div class=\"elementor-element elementor-element-9b44ab9 e-con-full e-flex e-con e-parent\" data-id=\"9b44ab9\" data-element_type=\"container\" data-e-type=\"container\" data-settings=\"{&quot;position&quot;:&quot;fixed&quot;,&quot;background_background&quot;:&quot;classic&quot;}\">\n\t\t<div class=\"elementor-element elementor-element-faf12bd e-con-full e-flex e-con e-parent\" data-id=\"faf12bd\" data-element_type=\"container\" data-e-type=\"container\">\n\t\t\t\t<div class=\"elementor-element elementor-element-6078cb6 elementor-widget elementor-widget-heading\" data-id=\"6078cb6\" data-element_type=\"widget\" data-e-type=\"widget\" data-widget_type=\"heading.default\">\n\t\t\t\t<div class=\"elementor-widget-container\">\n\t\t\t\t\t<h1 class=\"elementor-heading-title elementor-size-default\">OrigiNiD<\/h1>\t\t\t\t<\/div>\n\t\t\t\t<\/div>\n\t\t\t\t<\/div>\n\t\t<div class=\"elementor-element elementor-element-302518f e-con-full e-flex e-con e-parent\" data-id=\"302518f\" data-element_type=\"container\" data-e-type=\"container\" data-settings=\"{&quot;background_background&quot;:&quot;classic&quot;}\">\n\t\t\t\t<div class=\"elementor-element elementor-element-a90d5c9 elementor-widget elementor-widget-heading\" data-id=\"a90d5c9\" data-element_type=\"widget\" data-e-type=\"widget\" data-widget_type=\"heading.default\">\n\t\t\t\t<div class=\"elementor-widget-container\">\n\t\t\t\t\t<h2 class=\"elementor-heading-title elementor-size-default\">Authentication solutions<\/h2>\t\t\t\t<\/div>\n\t\t\t\t<\/div>\n\t\t\t\t<\/div>\n\t\t\t\t<\/div>\n\t\t<div class=\"elementor-element elementor-element-c7871cc e-con-full elementor-hidden-tablet elementor-hidden-mobile_extra elementor-hidden-mobile elementor-hidden-tablet_extra e-flex e-con e-parent\" data-id=\"c7871cc\" data-element_type=\"container\" data-e-type=\"container\">\n\t\t<div class=\"elementor-element elementor-element-f438307 e-con-full e-flex e-con e-parent\" data-id=\"f438307\" data-element_type=\"container\" data-e-type=\"container\">\n\t\t\t\t<div class=\"elementor-element elementor-element-26294b2 elementor-hidden-laptop elementor-hidden-tablet_extra elementor-hidden-tablet elementor-hidden-mobile_extra elementor-hidden-mobile elementor-widget elementor-widget-image\" data-id=\"26294b2\" data-element_type=\"widget\" data-e-type=\"widget\" data-widget_type=\"image.default\">\n\t\t\t\t<div class=\"elementor-widget-container\">\n\t\t\t\t\t\t\t\t\t\t\t\t\t\t\t<img fetchpriority=\"high\" decoding=\"async\" width=\"2247\" height=\"1587\" src=\"https:\/\/www.nid.swiss\/wp-content\/uploads\/2023\/07\/OrigiNiD_site-web_bgwhite_4.png\" class=\"attachment-full size-full wp-image-3107\" alt=\"originid\" srcset=\"https:\/\/www.nid.swiss\/wp-content\/uploads\/2023\/07\/OrigiNiD_site-web_bgwhite_4.png 2247w, https:\/\/www.nid.swiss\/wp-content\/uploads\/2023\/07\/OrigiNiD_site-web_bgwhite_4-300x212.png 300w, https:\/\/www.nid.swiss\/wp-content\/uploads\/2023\/07\/OrigiNiD_site-web_bgwhite_4-1024x723.png 1024w, https:\/\/www.nid.swiss\/wp-content\/uploads\/2023\/07\/OrigiNiD_site-web_bgwhite_4-768x542.png 768w, https:\/\/www.nid.swiss\/wp-content\/uploads\/2023\/07\/OrigiNiD_site-web_bgwhite_4-1536x1085.png 1536w, https:\/\/www.nid.swiss\/wp-content\/uploads\/2023\/07\/OrigiNiD_site-web_bgwhite_4-2048x1446.png 2048w\" sizes=\"(max-width: 2247px) 100vw, 2247px\" \/>\t\t\t\t\t\t\t\t\t\t\t\t\t\t\t<\/div>\n\t\t\t\t<\/div>\n\t\t\t\t<div class=\"elementor-element elementor-element-189a211 elementor-absolute elementor-hidden-desktop elementor-hidden-tablet_extra elementor-hidden-tablet elementor-hidden-mobile_extra elementor-hidden-mobile elementor-widget elementor-widget-image\" data-id=\"189a211\" data-element_type=\"widget\" data-e-type=\"widget\" data-settings=\"{&quot;_position&quot;:&quot;absolute&quot;}\" data-widget_type=\"image.default\">\n\t\t\t\t<div class=\"elementor-widget-container\">\n\t\t\t\t\t\t\t\t\t\t\t\t\t\t\t<img fetchpriority=\"high\" decoding=\"async\" width=\"2247\" height=\"1587\" src=\"https:\/\/www.nid.swiss\/wp-content\/uploads\/2023\/07\/OrigiNiD_site-web_bgwhite_4.png\" class=\"attachment-full size-full wp-image-3107\" alt=\"originid\" srcset=\"https:\/\/www.nid.swiss\/wp-content\/uploads\/2023\/07\/OrigiNiD_site-web_bgwhite_4.png 2247w, https:\/\/www.nid.swiss\/wp-content\/uploads\/2023\/07\/OrigiNiD_site-web_bgwhite_4-300x212.png 300w, https:\/\/www.nid.swiss\/wp-content\/uploads\/2023\/07\/OrigiNiD_site-web_bgwhite_4-1024x723.png 1024w, https:\/\/www.nid.swiss\/wp-content\/uploads\/2023\/07\/OrigiNiD_site-web_bgwhite_4-768x542.png 768w, https:\/\/www.nid.swiss\/wp-content\/uploads\/2023\/07\/OrigiNiD_site-web_bgwhite_4-1536x1085.png 1536w, https:\/\/www.nid.swiss\/wp-content\/uploads\/2023\/07\/OrigiNiD_site-web_bgwhite_4-2048x1446.png 2048w\" sizes=\"(max-width: 2247px) 100vw, 2247px\" \/>\t\t\t\t\t\t\t\t\t\t\t\t\t\t\t<\/div>\n\t\t\t\t<\/div>\n\t\t\t\t<\/div>\n\t\t<div class=\"elementor-element elementor-element-55a7f63 e-con-full e-flex e-con e-parent\" data-id=\"55a7f63\" data-element_type=\"container\" data-e-type=\"container\">\n\t\t\t\t<div class=\"elementor-element elementor-element-b08eaf7 elementor-widget__width-initial elementor-widget elementor-widget-heading\" data-id=\"b08eaf7\" data-element_type=\"widget\" data-e-type=\"widget\" data-widget_type=\"heading.default\">\n\t\t\t\t<div class=\"elementor-widget-container\">\n\t\t\t\t\t<h2 class=\"elementor-heading-title elementor-size-default\">EARN YOUR CUSTOMERS' TRUST BY PROTECTING YOUR PRODUCTS AND YOUR BRAND<\/h2>\t\t\t\t<\/div>\n\t\t\t\t<\/div>\n\t\t\t\t<div class=\"elementor-element elementor-element-074ce86 elementor-widget elementor-widget-heading\" data-id=\"074ce86\" data-element_type=\"widget\" data-e-type=\"widget\" data-widget_type=\"heading.default\">\n\t\t\t\t<div class=\"elementor-widget-container\">\n\t\t\t\t\t<h4 class=\"elementor-heading-title elementor-size-default\">Warranty card - After-sales service card - Certified Pre-Owned card - Sales follow-up<\/h4>\t\t\t\t<\/div>\n\t\t\t\t<\/div>\n\t\t\t\t<div class=\"elementor-element elementor-element-6866e9b elementor-widget__width-initial elementor-widget elementor-widget-text-editor\" data-id=\"6866e9b\" data-element_type=\"widget\" data-e-type=\"widget\" data-widget_type=\"text-editor.default\">\n\t\t\t\t<div class=\"elementor-widget-container\">\n\t\t\t\t\t\t\t\t\t<p class=\"translation-block\"><b>OrigiNID<\/b> is a turnkey, highly secure solution, custom-designed to meet the current and future needs of luxury goods manufacturers:<\/p><ul><li>Authentication service<\/li><li>Fight against counterfeiting<\/li><li class=\"translation-block\">Control of distribution channels <\/br>(Sell-In\/Sell-Out) and the grey market<\/li><li>CPO sales management<\/li><li>After-sales service management<\/li><\/ul>\t\t\t\t\t\t\t\t<\/div>\n\t\t\t\t<\/div>\n\t\t\t\t<div class=\"elementor-element elementor-element-bf1ed4c elementor-widget__width-initial elementor-widget elementor-widget-text-editor\" data-id=\"bf1ed4c\" data-element_type=\"widget\" data-e-type=\"widget\" data-widget_type=\"text-editor.default\">\n\t\t\t\t<div class=\"elementor-widget-container\">\n\t\t\t\t\t\t\t\t\t<p class=\"translation-block\">Would you like to find out more or see a demonstration of <b>OrigiNID<\/b> ?<\/p><p>Contact us at\u00a0<strong><a href=\"mailto:sales@nid.swiss\">sales@nid.swiss<\/a><\/strong><\/p>\t\t\t\t\t\t\t\t<\/div>\n\t\t\t\t<\/div>\n\t\t\t\t<\/div>\n\t\t\t\t<\/div>\n\t\t<div class=\"elementor-element elementor-element-3bb634a elementor-hidden-desktop elementor-hidden-laptop e-con-full e-flex e-con e-parent\" data-id=\"3bb634a\" data-element_type=\"container\" data-e-type=\"container\">\n\t\t\t\t<div class=\"elementor-element elementor-element-3617288 elementor-widget elementor-widget-image\" data-id=\"3617288\" data-element_type=\"widget\" data-e-type=\"widget\" data-widget_type=\"image.default\">\n\t\t\t\t<div class=\"elementor-widget-container\">\n\t\t\t\t\t\t\t\t\t\t\t\t\t\t\t<img decoding=\"async\" width=\"3001\" height=\"2068\" src=\"https:\/\/www.nid.swiss\/wp-content\/uploads\/2023\/07\/Plan-de-travail-6.png\" class=\"attachment-full size-full wp-image-3129\" alt=\"\" srcset=\"https:\/\/www.nid.swiss\/wp-content\/uploads\/2023\/07\/Plan-de-travail-6.png 3001w, https:\/\/www.nid.swiss\/wp-content\/uploads\/2023\/07\/Plan-de-travail-6-300x207.png 300w, https:\/\/www.nid.swiss\/wp-content\/uploads\/2023\/07\/Plan-de-travail-6-1024x706.png 1024w, https:\/\/www.nid.swiss\/wp-content\/uploads\/2023\/07\/Plan-de-travail-6-768x529.png 768w, https:\/\/www.nid.swiss\/wp-content\/uploads\/2023\/07\/Plan-de-travail-6-1536x1058.png 1536w, https:\/\/www.nid.swiss\/wp-content\/uploads\/2023\/07\/Plan-de-travail-6-2048x1411.png 2048w\" sizes=\"(max-width: 3001px) 100vw, 3001px\" \/>\t\t\t\t\t\t\t\t\t\t\t\t\t\t\t<\/div>\n\t\t\t\t<\/div>\n\t\t\t\t<div class=\"elementor-element elementor-element-5200b8e elementor-widget-mobile__width-inherit elementor-widget elementor-widget-heading\" data-id=\"5200b8e\" data-element_type=\"widget\" data-e-type=\"widget\" data-widget_type=\"heading.default\">\n\t\t\t\t<div class=\"elementor-widget-container\">\n\t\t\t\t\t<h2 class=\"elementor-heading-title elementor-size-default\">EARN YOUR CUSTOMERS' TRUST BY PROTECTING YOUR PRODUCTS AND YOUR BRAND<\/h2>\t\t\t\t<\/div>\n\t\t\t\t<\/div>\n\t\t\t\t<div class=\"elementor-element elementor-element-9cbfa19 elementor-widget-mobile__width-inherit elementor-widget elementor-widget-heading\" data-id=\"9cbfa19\" data-element_type=\"widget\" data-e-type=\"widget\" data-widget_type=\"heading.default\">\n\t\t\t\t<div class=\"elementor-widget-container\">\n\t\t\t\t\t<h4 class=\"elementor-heading-title elementor-size-default\">Warranty card - After-sales service card - Certified Pre-Owned card - Sales follow-up<\/h4>\t\t\t\t<\/div>\n\t\t\t\t<\/div>\n\t\t\t\t<div class=\"elementor-element elementor-element-77a486c elementor-widget-mobile__width-inherit elementor-widget elementor-widget-text-editor\" data-id=\"77a486c\" data-element_type=\"widget\" data-e-type=\"widget\" data-widget_type=\"text-editor.default\">\n\t\t\t\t<div class=\"elementor-widget-container\">\n\t\t\t\t\t\t\t\t\t<p class=\"translation-block\"><b>OrigiNID<\/b> is a turnkey, highly secure solution, custom-designed to meet the current and future needs of luxury goods manufacturers:<\/p><ul><li>Authentication service<\/li><li>Fight against counterfeiting<\/li><li class=\"translation-block\">Control of distribution channels <\/br>(Sell-In\/Sell-Out) and the grey market<\/li><li>CPO sales management<\/li><li>After-sales service management<\/li><\/ul>\t\t\t\t\t\t\t\t<\/div>\n\t\t\t\t<\/div>\n\t\t\t\t<div class=\"elementor-element elementor-element-1b3b320 elementor-widget__width-initial elementor-widget elementor-widget-text-editor\" data-id=\"1b3b320\" data-element_type=\"widget\" data-e-type=\"widget\" data-widget_type=\"text-editor.default\">\n\t\t\t\t<div class=\"elementor-widget-container\">\n\t\t\t\t\t\t\t\t\t<p class=\"translation-block\">Would you like to find out more or see a demonstration of <b>OrigiNID<\/b> ?<\/p><p>Contact us at\u00a0<strong><a href=\"mailto:sales@nid.swiss\">sales@nid.swiss<\/a><\/strong><\/p>\t\t\t\t\t\t\t\t<\/div>\n\t\t\t\t<\/div>\n\t\t\t\t<\/div>\n\t\t\t\t<\/div>","protected":false},"excerpt":{"rendered":"<p>OrigiNiD Authentication solutions Gagnez la confiance de vos clients en prot\u00e9geant vos produits et votre marque Carte de Garantie \u2013 Carte SAV \u2013 Carte Certified Pre-Owned \u2013 Suivi des ventes OrigiNID se veut une solution cl\u00e9 en main et fortement s\u00e9curis\u00e9e, con\u00e7ue sur mesure, pour r\u00e9pondre aux besoins actuels et futurs des fabricants des produits [&hellip;]<\/p>\n","protected":false},"author":7,"featured_media":0,"parent":0,"menu_order":0,"comment_status":"closed","ping_status":"closed","template":"","meta":{"_acf_changed":false,"footnotes":""},"class_list":["post-2070","page","type-page","status-publish","hentry"],"acf":[],"yoast_head":"<!-- This site is optimized with the Yoast SEO plugin v27.6 - https:\/\/yoast.com\/product\/yoast-seo-wordpress\/ -->\n<title>OrigiNiD - NiD SA<\/title>\n<meta name=\"description\" content=\"originid est une solution cl\u00e9 en main fortement s\u00e9curis\u00e9e con\u00e7ue sur mesure pour r\u00e9pondre aux besoins des fabricants des produits de luxe.\" \/>\n<meta name=\"robots\" content=\"index, follow, max-snippet:-1, max-image-preview:large, max-video-preview:-1\" \/>\n<link rel=\"canonical\" href=\"https:\/\/www.nid.swiss\/en\/originid\/\" \/>\n<meta property=\"og:locale\" content=\"en_US\" \/>\n<meta property=\"og:type\" content=\"article\" \/>\n<meta property=\"og:title\" content=\"OrigiNiD - NiD SA\" \/>\n<meta property=\"og:description\" content=\"originid est une solution cl\u00e9 en main fortement s\u00e9curis\u00e9e con\u00e7ue sur mesure pour r\u00e9pondre aux besoins des fabricants des produits de luxe.\" \/>\n<meta property=\"og:url\" content=\"https:\/\/www.nid.swiss\/en\/originid\/\" \/>\n<meta property=\"og:site_name\" content=\"NiD SA\" \/>\n<meta property=\"article:modified_time\" content=\"2023-11-07T14:46:24+00:00\" \/>\n<meta property=\"og:image\" content=\"https:\/\/www.nid.swiss\/wp-content\/uploads\/2023\/07\/OrigiNiD_site-web_bgwhite_4.png\" \/>\n<meta name=\"twitter:card\" content=\"summary_large_image\" \/>\n<meta name=\"twitter:label1\" content=\"Est. reading time\" \/>\n\t<meta name=\"twitter:data1\" content=\"2 minutes\" \/>\n<script type=\"application\/ld+json\" class=\"yoast-schema-graph\">{\"@context\":\"https:\\\/\\\/schema.org\",\"@graph\":[{\"@type\":\"WebPage\",\"@id\":\"https:\\\/\\\/www.nid.swiss\\\/originid\\\/\",\"url\":\"https:\\\/\\\/www.nid.swiss\\\/originid\\\/\",\"name\":\"OrigiNiD - NiD SA\",\"isPartOf\":{\"@id\":\"https:\\\/\\\/www.nid.swiss\\\/#website\"},\"primaryImageOfPage\":{\"@id\":\"https:\\\/\\\/www.nid.swiss\\\/originid\\\/#primaryimage\"},\"image\":{\"@id\":\"https:\\\/\\\/www.nid.swiss\\\/originid\\\/#primaryimage\"},\"thumbnailUrl\":\"https:\\\/\\\/www.nid.swiss\\\/wp-content\\\/uploads\\\/2023\\\/07\\\/OrigiNiD_site-web_bgwhite_4.png\",\"datePublished\":\"2023-05-04T12:51:51+00:00\",\"dateModified\":\"2023-11-07T14:46:24+00:00\",\"description\":\"originid est une solution cl\u00e9 en main fortement s\u00e9curis\u00e9e con\u00e7ue sur mesure pour r\u00e9pondre aux besoins des fabricants des produits de luxe.\",\"breadcrumb\":{\"@id\":\"https:\\\/\\\/www.nid.swiss\\\/originid\\\/#breadcrumb\"},\"inLanguage\":\"en-US\",\"potentialAction\":[{\"@type\":\"ReadAction\",\"target\":[\"https:\\\/\\\/www.nid.swiss\\\/originid\\\/\"]}]},{\"@type\":\"ImageObject\",\"inLanguage\":\"en-US\",\"@id\":\"https:\\\/\\\/www.nid.swiss\\\/originid\\\/#primaryimage\",\"url\":\"https:\\\/\\\/www.nid.swiss\\\/wp-content\\\/uploads\\\/2023\\\/07\\\/OrigiNiD_site-web_bgwhite_4.png\",\"contentUrl\":\"https:\\\/\\\/www.nid.swiss\\\/wp-content\\\/uploads\\\/2023\\\/07\\\/OrigiNiD_site-web_bgwhite_4.png\"},{\"@type\":\"BreadcrumbList\",\"@id\":\"https:\\\/\\\/www.nid.swiss\\\/originid\\\/#breadcrumb\",\"itemListElement\":[{\"@type\":\"ListItem\",\"position\":1,\"name\":\"Accueil\",\"item\":\"https:\\\/\\\/www.nid.swiss\\\/\"},{\"@type\":\"ListItem\",\"position\":2,\"name\":\"OrigiNiD\"}]},{\"@type\":\"WebSite\",\"@id\":\"https:\\\/\\\/www.nid.swiss\\\/#website\",\"url\":\"https:\\\/\\\/www.nid.swiss\\\/\",\"name\":\"NiD SA\",\"description\":\"Swiss Competence in Identification and Authentication\",\"publisher\":{\"@id\":\"https:\\\/\\\/www.nid.swiss\\\/#organization\"},\"potentialAction\":[{\"@type\":\"SearchAction\",\"target\":{\"@type\":\"EntryPoint\",\"urlTemplate\":\"https:\\\/\\\/www.nid.swiss\\\/?s={search_term_string}\"},\"query-input\":{\"@type\":\"PropertyValueSpecification\",\"valueRequired\":true,\"valueName\":\"search_term_string\"}}],\"inLanguage\":\"en-US\"},{\"@type\":\"Organization\",\"@id\":\"https:\\\/\\\/www.nid.swiss\\\/#organization\",\"name\":\"NiD SA\",\"url\":\"https:\\\/\\\/www.nid.swiss\\\/\",\"logo\":{\"@type\":\"ImageObject\",\"inLanguage\":\"en-US\",\"@id\":\"https:\\\/\\\/www.nid.swiss\\\/#\\\/schema\\\/logo\\\/image\\\/\",\"url\":\"https:\\\/\\\/www.nid.swiss\\\/wp-content\\\/uploads\\\/2023\\\/02\\\/Logo_dark_claim.png\",\"contentUrl\":\"https:\\\/\\\/www.nid.swiss\\\/wp-content\\\/uploads\\\/2023\\\/02\\\/Logo_dark_claim.png\",\"width\":1668,\"height\":1668,\"caption\":\"NiD SA\"},\"image\":{\"@id\":\"https:\\\/\\\/www.nid.swiss\\\/#\\\/schema\\\/logo\\\/image\\\/\"},\"sameAs\":[\"https:\\\/\\\/ch.linkedin.com\\\/company\\\/nid-sa\"]}]}<\/script>\n<!-- \/ Yoast SEO plugin. -->","yoast_head_json":{"title":"OrigiNiD - NiD SA","description":"originid est une solution cl\u00e9 en main fortement s\u00e9curis\u00e9e con\u00e7ue sur mesure pour r\u00e9pondre aux besoins des fabricants des produits de luxe.","robots":{"index":"index","follow":"follow","max-snippet":"max-snippet:-1","max-image-preview":"max-image-preview:large","max-video-preview":"max-video-preview:-1"},"canonical":"https:\/\/www.nid.swiss\/en\/originid\/","og_locale":"en_US","og_type":"article","og_title":"OrigiNiD - NiD SA","og_description":"originid est une solution cl\u00e9 en main fortement s\u00e9curis\u00e9e con\u00e7ue sur mesure pour r\u00e9pondre aux besoins des fabricants des produits de luxe.","og_url":"https:\/\/www.nid.swiss\/en\/originid\/","og_site_name":"NiD SA","article_modified_time":"2023-11-07T14:46:24+00:00","og_image":[{"url":"https:\/\/www.nid.swiss\/wp-content\/uploads\/2023\/07\/OrigiNiD_site-web_bgwhite_4.png","type":"","width":"","height":""}],"twitter_card":"summary_large_image","twitter_misc":{"Est. reading time":"2 minutes"},"schema":{"@context":"https:\/\/schema.org","@graph":[{"@type":"WebPage","@id":"https:\/\/www.nid.swiss\/originid\/","url":"https:\/\/www.nid.swiss\/originid\/","name":"OrigiNiD - NiD SA","isPartOf":{"@id":"https:\/\/www.nid.swiss\/#website"},"primaryImageOfPage":{"@id":"https:\/\/www.nid.swiss\/originid\/#primaryimage"},"image":{"@id":"https:\/\/www.nid.swiss\/originid\/#primaryimage"},"thumbnailUrl":"https:\/\/www.nid.swiss\/wp-content\/uploads\/2023\/07\/OrigiNiD_site-web_bgwhite_4.png","datePublished":"2023-05-04T12:51:51+00:00","dateModified":"2023-11-07T14:46:24+00:00","description":"originid est une solution cl\u00e9 en main fortement s\u00e9curis\u00e9e con\u00e7ue sur mesure pour r\u00e9pondre aux besoins des fabricants des produits de luxe.","breadcrumb":{"@id":"https:\/\/www.nid.swiss\/originid\/#breadcrumb"},"inLanguage":"en-US","potentialAction":[{"@type":"ReadAction","target":["https:\/\/www.nid.swiss\/originid\/"]}]},{"@type":"ImageObject","inLanguage":"en-US","@id":"https:\/\/www.nid.swiss\/originid\/#primaryimage","url":"https:\/\/www.nid.swiss\/wp-content\/uploads\/2023\/07\/OrigiNiD_site-web_bgwhite_4.png","contentUrl":"https:\/\/www.nid.swiss\/wp-content\/uploads\/2023\/07\/OrigiNiD_site-web_bgwhite_4.png"},{"@type":"BreadcrumbList","@id":"https:\/\/www.nid.swiss\/originid\/#breadcrumb","itemListElement":[{"@type":"ListItem","position":1,"name":"Accueil","item":"https:\/\/www.nid.swiss\/"},{"@type":"ListItem","position":2,"name":"OrigiNiD"}]},{"@type":"WebSite","@id":"https:\/\/www.nid.swiss\/#website","url":"https:\/\/www.nid.swiss\/","name":"NiD SA","description":"Swiss Competence in Identification and Authentication","publisher":{"@id":"https:\/\/www.nid.swiss\/#organization"},"potentialAction":[{"@type":"SearchAction","target":{"@type":"EntryPoint","urlTemplate":"https:\/\/www.nid.swiss\/?s={search_term_string}"},"query-input":{"@type":"PropertyValueSpecification","valueRequired":true,"valueName":"search_term_string"}}],"inLanguage":"en-US"},{"@type":"Organization","@id":"https:\/\/www.nid.swiss\/#organization","name":"NiD SA","url":"https:\/\/www.nid.swiss\/","logo":{"@type":"ImageObject","inLanguage":"en-US","@id":"https:\/\/www.nid.swiss\/#\/schema\/logo\/image\/","url":"https:\/\/www.nid.swiss\/wp-content\/uploads\/2023\/02\/Logo_dark_claim.png","contentUrl":"https:\/\/www.nid.swiss\/wp-content\/uploads\/2023\/02\/Logo_dark_claim.png","width":1668,"height":1668,"caption":"NiD SA"},"image":{"@id":"https:\/\/www.nid.swiss\/#\/schema\/logo\/image\/"},"sameAs":["https:\/\/ch.linkedin.com\/company\/nid-sa"]}]}},"_links":{"self":[{"href":"https:\/\/www.nid.swiss\/en\/wp-json\/wp\/v2\/pages\/2070","targetHints":{"allow":["GET"]}}],"collection":[{"href":"https:\/\/www.nid.swiss\/en\/wp-json\/wp\/v2\/pages"}],"about":[{"href":"https:\/\/www.nid.swiss\/en\/wp-json\/wp\/v2\/types\/page"}],"author":[{"embeddable":true,"href":"https:\/\/www.nid.swiss\/en\/wp-json\/wp\/v2\/users\/7"}],"replies":[{"embeddable":true,"href":"https:\/\/www.nid.swiss\/en\/wp-json\/wp\/v2\/comments?post=2070"}],"version-history":[{"count":0,"href":"https:\/\/www.nid.swiss\/en\/wp-json\/wp\/v2\/pages\/2070\/revisions"}],"wp:attachment":[{"href":"https:\/\/www.nid.swiss\/en\/wp-json\/wp\/v2\/media?parent=2070"}],"curies":[{"name":"wp","href":"https:\/\/api.w.org\/{rel}","templated":true}]}}