{"id":371,"date":"2023-02-01T09:49:21","date_gmt":"2023-02-01T08:49:21","guid":{"rendered":"https:\/\/www.nid.swiss\/?page_id=371"},"modified":"2023-12-14T13:47:14","modified_gmt":"2023-12-14T12:47:14","slug":"nid","status":"publish","type":"page","link":"https:\/\/www.nid.swiss\/en\/","title":{"rendered":"NiD"},"content":{"rendered":"<div data-elementor-type=\"wp-page\" data-elementor-id=\"371\" class=\"elementor elementor-371\" data-elementor-post-type=\"page\">\n\t\t\t\t<div class=\"elementor-element elementor-element-e390a86 e-con-full elementor-hidden-mobile_extra elementor-hidden-mobile e-flex e-con e-parent\" data-id=\"e390a86\" data-element_type=\"container\" data-e-type=\"container\" data-settings=\"{&quot;background_background&quot;:&quot;video&quot;,&quot;background_video_link&quot;:&quot;https:\\\/\\\/www.nid.swiss\\\/wp-content\\\/uploads\\\/2023\\\/07\\\/video_homepage_v3_medium.mp4&quot;,&quot;background_play_on_mobile&quot;:&quot;yes&quot;,&quot;background_privacy_mode&quot;:&quot;yes&quot;,&quot;background_video_start&quot;:0,&quot;background_video_end&quot;:0}\">\n\t\t<div class=\"elementor-background-video-container\">\n\t\t\t\t\t\t\t<video class=\"elementor-background-video-hosted\" role=\"presentation\" autoplay muted playsinline loop><\/video>\n\t\t\t\t\t<\/div>\t\t<div class=\"elementor-element elementor-element-8d89a7e elementor-fixed elementor-hidden-tablet elementor-hidden-mobile_extra elementor-hidden-mobile enov_home_gradient elementor-widget elementor-widget-image\" data-id=\"8d89a7e\" data-element_type=\"widget\" data-e-type=\"widget\" data-settings=\"{&quot;_position&quot;:&quot;fixed&quot;}\" data-widget_type=\"image.default\">\n\t\t\t\t<div class=\"elementor-widget-container\">\n\t\t\t\t\t\t\t\t\t\t\t\t\t\t\t<img fetchpriority=\"high\" decoding=\"async\" width=\"1920\" height=\"1080\" src=\"https:\/\/www.nid.swiss\/wp-content\/uploads\/2023\/03\/gradient_bg_homeV3.png\" class=\"attachment-full size-full wp-image-1651\" alt=\"\" srcset=\"https:\/\/www.nid.swiss\/wp-content\/uploads\/2023\/03\/gradient_bg_homeV3.png 1920w, https:\/\/www.nid.swiss\/wp-content\/uploads\/2023\/03\/gradient_bg_homeV3-300x169.png 300w, https:\/\/www.nid.swiss\/wp-content\/uploads\/2023\/03\/gradient_bg_homeV3-1024x576.png 1024w, https:\/\/www.nid.swiss\/wp-content\/uploads\/2023\/03\/gradient_bg_homeV3-768x432.png 768w, https:\/\/www.nid.swiss\/wp-content\/uploads\/2023\/03\/gradient_bg_homeV3-1536x864.png 1536w\" sizes=\"(max-width: 1920px) 100vw, 1920px\" \/>\t\t\t\t\t\t\t\t\t\t\t\t\t\t\t<\/div>\n\t\t\t\t<\/div>\n\t\t<div class=\"elementor-element elementor-element-48dcf0e e-con-full e-flex e-con e-child\" data-id=\"48dcf0e\" data-element_type=\"container\" data-e-type=\"container\">\n\t\t\t\t<div class=\"elementor-element elementor-element-c71211d elementor-hidden-mobile elementor-widget elementor-widget-heading\" data-id=\"c71211d\" data-element_type=\"widget\" data-e-type=\"widget\" data-widget_type=\"heading.default\">\n\t\t\t\t<div class=\"elementor-widget-container\">\n\t\t\t\t\t<h3 class=\"elementor-heading-title elementor-size-default translation-block\"><a href=\"https:\/\/www.nid.swiss\/en\/qui-sommes-nous\/\" target=\"_self\">Proven expertise in identification, authentication <\/br> and secure data processing since 1976.<\/a><\/h3>\t\t\t\t<\/div>\n\t\t\t\t<\/div>\n\t\t\t\t<div class=\"elementor-element elementor-element-17c1e5c elementor-hidden-desktop elementor-hidden-laptop elementor-hidden-tablet_extra elementor-hidden-tablet elementor-hidden-mobile_extra elementor-widget elementor-widget-heading\" data-id=\"17c1e5c\" data-element_type=\"widget\" data-e-type=\"widget\" data-widget_type=\"heading.default\">\n\t\t\t\t<div class=\"elementor-widget-container\">\n\t\t\t\t\t<h3 class=\"elementor-heading-title elementor-size-default translation-block\"><a href=\"https:\/\/www.nid.swiss\/en\/qui-sommes-nous\/\" target=\"_self\">Proven expertise in identification, authentication <\/br> and secure data processing since 1976.<\/a><\/h3>\t\t\t\t<\/div>\n\t\t\t\t<\/div>\n\t\t\t\t<div class=\"elementor-element elementor-element-7d0f937 elementor-widget elementor-widget-heading\" data-id=\"7d0f937\" data-element_type=\"widget\" data-e-type=\"widget\" data-widget_type=\"heading.default\">\n\t\t\t\t<div class=\"elementor-widget-container\">\n\t\t\t\t\t<h1 class=\"elementor-heading-title elementor-size-default translation-block\">Innovation, <\/br>\na state of mind.<\/h1>\t\t\t\t<\/div>\n\t\t\t\t<\/div>\n\t\t\t\t<\/div>\n\t\t\t\t<\/div>\n\t\t<div class=\"elementor-element elementor-element-379f42e e-con-full elementor-hidden-desktop elementor-hidden-laptop elementor-hidden-tablet_extra elementor-hidden-tablet e-flex e-con e-parent\" data-id=\"379f42e\" data-element_type=\"container\" data-e-type=\"container\" data-settings=\"{&quot;background_background&quot;:&quot;video&quot;,&quot;background_video_link&quot;:&quot;https:\\\/\\\/www.nid.swiss\\\/wp-content\\\/uploads\\\/2023\\\/07\\\/video_homepage_mobile_medium.mp4&quot;,&quot;background_play_on_mobile&quot;:&quot;yes&quot;,&quot;background_privacy_mode&quot;:&quot;yes&quot;,&quot;background_video_start&quot;:0,&quot;background_video_end&quot;:0}\">\n\t\t<div class=\"elementor-background-video-container\">\n\t\t\t\t\t\t\t<video class=\"elementor-background-video-hosted\" role=\"presentation\" autoplay muted playsinline loop><\/video>\n\t\t\t\t\t<\/div>\t\t<div class=\"elementor-element elementor-element-f3c2a03 elementor-fixed elementor-hidden-tablet elementor-hidden-mobile_extra elementor-hidden-mobile enov_home_gradient elementor-widget elementor-widget-image\" data-id=\"f3c2a03\" data-element_type=\"widget\" data-e-type=\"widget\" data-settings=\"{&quot;_position&quot;:&quot;fixed&quot;}\" data-widget_type=\"image.default\">\n\t\t\t\t<div class=\"elementor-widget-container\">\n\t\t\t\t\t\t\t\t\t\t\t\t\t\t\t<img fetchpriority=\"high\" decoding=\"async\" width=\"1920\" height=\"1080\" src=\"https:\/\/www.nid.swiss\/wp-content\/uploads\/2023\/03\/gradient_bg_homeV3.png\" class=\"attachment-full size-full wp-image-1651\" alt=\"\" srcset=\"https:\/\/www.nid.swiss\/wp-content\/uploads\/2023\/03\/gradient_bg_homeV3.png 1920w, https:\/\/www.nid.swiss\/wp-content\/uploads\/2023\/03\/gradient_bg_homeV3-300x169.png 300w, https:\/\/www.nid.swiss\/wp-content\/uploads\/2023\/03\/gradient_bg_homeV3-1024x576.png 1024w, https:\/\/www.nid.swiss\/wp-content\/uploads\/2023\/03\/gradient_bg_homeV3-768x432.png 768w, https:\/\/www.nid.swiss\/wp-content\/uploads\/2023\/03\/gradient_bg_homeV3-1536x864.png 1536w\" sizes=\"(max-width: 1920px) 100vw, 1920px\" \/>\t\t\t\t\t\t\t\t\t\t\t\t\t\t\t<\/div>\n\t\t\t\t<\/div>\n\t\t<div class=\"elementor-element elementor-element-5ae95b3 e-con-full e-flex e-con e-child\" data-id=\"5ae95b3\" data-element_type=\"container\" data-e-type=\"container\">\n\t\t\t\t<div class=\"elementor-element elementor-element-7d5633a elementor-hidden-mobile elementor-widget elementor-widget-heading\" data-id=\"7d5633a\" data-element_type=\"widget\" data-e-type=\"widget\" data-widget_type=\"heading.default\">\n\t\t\t\t<div class=\"elementor-widget-container\">\n\t\t\t\t\t<h3 class=\"elementor-heading-title elementor-size-default translation-block\"><a href=\"https:\/\/www.nid.swiss\/en\/qui-sommes-nous\/\" target=\"_self\">Proven expertise in identification, authentication <\/br> and secure data processing since 1976.<\/a><\/h3>\t\t\t\t<\/div>\n\t\t\t\t<\/div>\n\t\t\t\t<div class=\"elementor-element elementor-element-f3caefa elementor-hidden-desktop elementor-hidden-laptop elementor-hidden-tablet_extra elementor-hidden-tablet elementor-hidden-mobile_extra elementor-widget elementor-widget-heading\" data-id=\"f3caefa\" data-element_type=\"widget\" data-e-type=\"widget\" data-widget_type=\"heading.default\">\n\t\t\t\t<div class=\"elementor-widget-container\">\n\t\t\t\t\t<h3 class=\"elementor-heading-title elementor-size-default translation-block\"><a href=\"https:\/\/www.nid.swiss\/en\/qui-sommes-nous\/\" target=\"_self\">Proven expertise in identification, authentication <\/br> and secure data processing since 1976.<\/a><\/h3>\t\t\t\t<\/div>\n\t\t\t\t<\/div>\n\t\t\t\t<div class=\"elementor-element elementor-element-f4d912f elementor-widget elementor-widget-heading\" data-id=\"f4d912f\" data-element_type=\"widget\" data-e-type=\"widget\" data-widget_type=\"heading.default\">\n\t\t\t\t<div class=\"elementor-widget-container\">\n\t\t\t\t\t<h1 class=\"elementor-heading-title elementor-size-default translation-block\">Innovation, <\/br>\na state of mind.<\/h1>\t\t\t\t<\/div>\n\t\t\t\t<\/div>\n\t\t\t\t<\/div>\n\t\t\t\t<\/div>\n\t\t\t\t<\/div>","protected":false},"excerpt":{"rendered":"<p>Depuis 1976, une expertise \u00e9prouv\u00e9e en identification, authentification et traitement de donn\u00e9es s\u00e9curis\u00e9es. Depuis 1976, une expertise \u00e9prouv\u00e9e en identification, authentification et traitement de donn\u00e9es s\u00e9curis\u00e9es. L\u2019innovation, un \u00e9tat d\u2019esprit. Depuis 1976, une expertise \u00e9prouv\u00e9e en identification, authentification et traitement de donn\u00e9es s\u00e9curis\u00e9es. Depuis 1976, une expertise \u00e9prouv\u00e9e en identification, authentification et traitement de donn\u00e9es [&hellip;]<\/p>\n","protected":false},"author":1,"featured_media":1086,"parent":0,"menu_order":0,"comment_status":"closed","ping_status":"closed","template":"","meta":{"_acf_changed":false,"footnotes":""},"class_list":["post-371","page","type-page","status-publish","has-post-thumbnail","hentry"],"acf":[],"yoast_head":"<!-- This site is optimized with the Yoast SEO plugin v27.4 - https:\/\/yoast.com\/product\/yoast-seo-wordpress\/ -->\n<title>NiD - Swiss Competence in Identification and Authentication<\/title>\n<meta name=\"description\" content=\"NiD SA (anciennement NagraID) est experte en identification s\u00e9curis\u00e9e et traitement des donn\u00e9es s\u00e9curis\u00e9es.\" \/>\n<meta name=\"robots\" content=\"index, follow, max-snippet:-1, max-image-preview:large, max-video-preview:-1\" \/>\n<link rel=\"canonical\" href=\"https:\/\/www.nid.swiss\/en\/\" \/>\n<meta property=\"og:locale\" content=\"en_US\" \/>\n<meta property=\"og:type\" content=\"article\" \/>\n<meta property=\"og:title\" content=\"NiD - Swiss Competence in Identification and Authentication\" \/>\n<meta property=\"og:description\" content=\"NiD SA (anciennement NagraID) est experte en identification s\u00e9curis\u00e9e et traitement des donn\u00e9es s\u00e9curis\u00e9es.\" \/>\n<meta property=\"og:url\" content=\"https:\/\/www.nid.swiss\/en\/\" \/>\n<meta property=\"og:site_name\" content=\"NiD SA\" \/>\n<meta property=\"article:modified_time\" content=\"2023-12-14T12:47:14+00:00\" \/>\n<meta property=\"og:image\" content=\"https:\/\/www.nid.swiss\/wp-content\/uploads\/2023\/02\/Nid_Mockup_Carte_b2.png\" \/>\n\t<meta property=\"og:image:width\" content=\"900\" \/>\n\t<meta property=\"og:image:height\" content=\"900\" \/>\n\t<meta property=\"og:image:type\" content=\"image\/png\" \/>\n<meta name=\"twitter:card\" content=\"summary_large_image\" \/>\n<script type=\"application\/ld+json\" class=\"yoast-schema-graph\">{\"@context\":\"https:\\\/\\\/schema.org\",\"@graph\":[{\"@type\":\"WebPage\",\"@id\":\"https:\\\/\\\/www.nid.swiss\\\/\",\"url\":\"https:\\\/\\\/www.nid.swiss\\\/\",\"name\":\"NiD - Swiss Competence in Identification and Authentication\",\"isPartOf\":{\"@id\":\"https:\\\/\\\/www.nid.swiss\\\/#website\"},\"primaryImageOfPage\":{\"@id\":\"https:\\\/\\\/www.nid.swiss\\\/#primaryimage\"},\"image\":{\"@id\":\"https:\\\/\\\/www.nid.swiss\\\/#primaryimage\"},\"thumbnailUrl\":\"https:\\\/\\\/www.nid.swiss\\\/wp-content\\\/uploads\\\/2023\\\/02\\\/Nid_Mockup_Carte_b2.png\",\"datePublished\":\"2023-02-01T08:49:21+00:00\",\"dateModified\":\"2023-12-14T12:47:14+00:00\",\"description\":\"NiD SA (anciennement NagraID) est experte en identification s\u00e9curis\u00e9e et traitement des donn\u00e9es s\u00e9curis\u00e9es.\",\"breadcrumb\":{\"@id\":\"https:\\\/\\\/www.nid.swiss\\\/#breadcrumb\"},\"inLanguage\":\"en-US\",\"potentialAction\":[{\"@type\":\"ReadAction\",\"target\":[\"https:\\\/\\\/www.nid.swiss\\\/\"]}]},{\"@type\":\"ImageObject\",\"inLanguage\":\"en-US\",\"@id\":\"https:\\\/\\\/www.nid.swiss\\\/#primaryimage\",\"url\":\"https:\\\/\\\/www.nid.swiss\\\/wp-content\\\/uploads\\\/2023\\\/02\\\/Nid_Mockup_Carte_b2.png\",\"contentUrl\":\"https:\\\/\\\/www.nid.swiss\\\/wp-content\\\/uploads\\\/2023\\\/02\\\/Nid_Mockup_Carte_b2.png\",\"width\":900,\"height\":900,\"caption\":\"business lines\"},{\"@type\":\"BreadcrumbList\",\"@id\":\"https:\\\/\\\/www.nid.swiss\\\/#breadcrumb\",\"itemListElement\":[{\"@type\":\"ListItem\",\"position\":1,\"name\":\"Accueil\",\"item\":\"https:\\\/\\\/www.nid.swiss\\\/\"},{\"@type\":\"ListItem\",\"position\":2,\"name\":\"NiD\"}]},{\"@type\":\"WebSite\",\"@id\":\"https:\\\/\\\/www.nid.swiss\\\/#website\",\"url\":\"https:\\\/\\\/www.nid.swiss\\\/\",\"name\":\"NiD SA\",\"description\":\"Swiss Competence in Identification and Authentication\",\"publisher\":{\"@id\":\"https:\\\/\\\/www.nid.swiss\\\/#organization\"},\"potentialAction\":[{\"@type\":\"SearchAction\",\"target\":{\"@type\":\"EntryPoint\",\"urlTemplate\":\"https:\\\/\\\/www.nid.swiss\\\/?s={search_term_string}\"},\"query-input\":{\"@type\":\"PropertyValueSpecification\",\"valueRequired\":true,\"valueName\":\"search_term_string\"}}],\"inLanguage\":\"en-US\"},{\"@type\":\"Organization\",\"@id\":\"https:\\\/\\\/www.nid.swiss\\\/#organization\",\"name\":\"NiD SA\",\"url\":\"https:\\\/\\\/www.nid.swiss\\\/\",\"logo\":{\"@type\":\"ImageObject\",\"inLanguage\":\"en-US\",\"@id\":\"https:\\\/\\\/www.nid.swiss\\\/#\\\/schema\\\/logo\\\/image\\\/\",\"url\":\"https:\\\/\\\/www.nid.swiss\\\/wp-content\\\/uploads\\\/2023\\\/02\\\/Logo_dark_claim.png\",\"contentUrl\":\"https:\\\/\\\/www.nid.swiss\\\/wp-content\\\/uploads\\\/2023\\\/02\\\/Logo_dark_claim.png\",\"width\":1668,\"height\":1668,\"caption\":\"NiD SA\"},\"image\":{\"@id\":\"https:\\\/\\\/www.nid.swiss\\\/#\\\/schema\\\/logo\\\/image\\\/\"},\"sameAs\":[\"https:\\\/\\\/ch.linkedin.com\\\/company\\\/nid-sa\"]}]}<\/script>\n<!-- \/ Yoast SEO plugin. -->","yoast_head_json":{"title":"NiD - Swiss Competence in Identification and Authentication","description":"NiD SA (anciennement NagraID) est experte en identification s\u00e9curis\u00e9e et traitement des donn\u00e9es s\u00e9curis\u00e9es.","robots":{"index":"index","follow":"follow","max-snippet":"max-snippet:-1","max-image-preview":"max-image-preview:large","max-video-preview":"max-video-preview:-1"},"canonical":"https:\/\/www.nid.swiss\/en\/","og_locale":"en_US","og_type":"article","og_title":"NiD - Swiss Competence in Identification and Authentication","og_description":"NiD SA (anciennement NagraID) est experte en identification s\u00e9curis\u00e9e et traitement des donn\u00e9es s\u00e9curis\u00e9es.","og_url":"https:\/\/www.nid.swiss\/en\/","og_site_name":"NiD SA","article_modified_time":"2023-12-14T12:47:14+00:00","og_image":[{"width":900,"height":900,"url":"https:\/\/www.nid.swiss\/wp-content\/uploads\/2023\/02\/Nid_Mockup_Carte_b2.png","type":"image\/png"}],"twitter_card":"summary_large_image","schema":{"@context":"https:\/\/schema.org","@graph":[{"@type":"WebPage","@id":"https:\/\/www.nid.swiss\/","url":"https:\/\/www.nid.swiss\/","name":"NiD - Swiss Competence in Identification and Authentication","isPartOf":{"@id":"https:\/\/www.nid.swiss\/#website"},"primaryImageOfPage":{"@id":"https:\/\/www.nid.swiss\/#primaryimage"},"image":{"@id":"https:\/\/www.nid.swiss\/#primaryimage"},"thumbnailUrl":"https:\/\/www.nid.swiss\/wp-content\/uploads\/2023\/02\/Nid_Mockup_Carte_b2.png","datePublished":"2023-02-01T08:49:21+00:00","dateModified":"2023-12-14T12:47:14+00:00","description":"NiD SA (anciennement NagraID) est experte en identification s\u00e9curis\u00e9e et traitement des donn\u00e9es s\u00e9curis\u00e9es.","breadcrumb":{"@id":"https:\/\/www.nid.swiss\/#breadcrumb"},"inLanguage":"en-US","potentialAction":[{"@type":"ReadAction","target":["https:\/\/www.nid.swiss\/"]}]},{"@type":"ImageObject","inLanguage":"en-US","@id":"https:\/\/www.nid.swiss\/#primaryimage","url":"https:\/\/www.nid.swiss\/wp-content\/uploads\/2023\/02\/Nid_Mockup_Carte_b2.png","contentUrl":"https:\/\/www.nid.swiss\/wp-content\/uploads\/2023\/02\/Nid_Mockup_Carte_b2.png","width":900,"height":900,"caption":"business lines"},{"@type":"BreadcrumbList","@id":"https:\/\/www.nid.swiss\/#breadcrumb","itemListElement":[{"@type":"ListItem","position":1,"name":"Accueil","item":"https:\/\/www.nid.swiss\/"},{"@type":"ListItem","position":2,"name":"NiD"}]},{"@type":"WebSite","@id":"https:\/\/www.nid.swiss\/#website","url":"https:\/\/www.nid.swiss\/","name":"NiD SA","description":"Swiss Competence in Identification and Authentication","publisher":{"@id":"https:\/\/www.nid.swiss\/#organization"},"potentialAction":[{"@type":"SearchAction","target":{"@type":"EntryPoint","urlTemplate":"https:\/\/www.nid.swiss\/?s={search_term_string}"},"query-input":{"@type":"PropertyValueSpecification","valueRequired":true,"valueName":"search_term_string"}}],"inLanguage":"en-US"},{"@type":"Organization","@id":"https:\/\/www.nid.swiss\/#organization","name":"NiD SA","url":"https:\/\/www.nid.swiss\/","logo":{"@type":"ImageObject","inLanguage":"en-US","@id":"https:\/\/www.nid.swiss\/#\/schema\/logo\/image\/","url":"https:\/\/www.nid.swiss\/wp-content\/uploads\/2023\/02\/Logo_dark_claim.png","contentUrl":"https:\/\/www.nid.swiss\/wp-content\/uploads\/2023\/02\/Logo_dark_claim.png","width":1668,"height":1668,"caption":"NiD SA"},"image":{"@id":"https:\/\/www.nid.swiss\/#\/schema\/logo\/image\/"},"sameAs":["https:\/\/ch.linkedin.com\/company\/nid-sa"]}]}},"_links":{"self":[{"href":"https:\/\/www.nid.swiss\/en\/wp-json\/wp\/v2\/pages\/371","targetHints":{"allow":["GET"]}}],"collection":[{"href":"https:\/\/www.nid.swiss\/en\/wp-json\/wp\/v2\/pages"}],"about":[{"href":"https:\/\/www.nid.swiss\/en\/wp-json\/wp\/v2\/types\/page"}],"author":[{"embeddable":true,"href":"https:\/\/www.nid.swiss\/en\/wp-json\/wp\/v2\/users\/1"}],"replies":[{"embeddable":true,"href":"https:\/\/www.nid.swiss\/en\/wp-json\/wp\/v2\/comments?post=371"}],"version-history":[{"count":0,"href":"https:\/\/www.nid.swiss\/en\/wp-json\/wp\/v2\/pages\/371\/revisions"}],"wp:featuredmedia":[{"embeddable":true,"href":"https:\/\/www.nid.swiss\/en\/wp-json\/wp\/v2\/media\/1086"}],"wp:attachment":[{"href":"https:\/\/www.nid.swiss\/en\/wp-json\/wp\/v2\/media?parent=371"}],"curies":[{"name":"wp","href":"https:\/\/api.w.org\/{rel}","templated":true}]}}